{"id":14,"date":"2024-03-26T18:14:15","date_gmt":"2024-03-26T18:14:15","guid":{"rendered":"https:\/\/lagomconsulting.it\/?page_id=14"},"modified":"2025-03-10T19:05:05","modified_gmt":"2025-03-10T19:05:05","slug":"feedback","status":"publish","type":"page","link":"https:\/\/lagomconsulting.it\/en\/feedback\/","title":{"rendered":"Testimonials"},"content":{"rendered":"<p>[et_pb_section fb_built=&#8221;1&#8243; admin_label=&#8221;Hero Section&#8221; _builder_version=&#8221;4.16&#8243; custom_padding=&#8221;0|0px|0px|0px&#8221; global_colors_info=&#8221;{}&#8221;][et_pb_row column_structure=&#8221;1_2,1_2&#8243; use_custom_gutter=&#8221;on&#8221; make_equal=&#8221;on&#8221; _builder_version=&#8221;4.16&#8243; width=&#8221;100%&#8221; max_width=&#8221;100%&#8221; custom_padding=&#8221;0px|0|0px|&#8221; use_custom_width=&#8221;on&#8221; width_unit=&#8221;off&#8221; custom_width_percent=&#8221;100%&#8221; global_colors_info=&#8221;{}&#8221;][et_pb_column type=&#8221;1_2&#8243; _builder_version=&#8221;4.16&#8243; custom_padding=&#8221;200px|4%|200px|8%&#8221; custom_padding_tablet=&#8221;60px|10%|60px|10%&#8221; custom_padding_phone=&#8221;60px|10%|60px|10%&#8221; custom_padding_last_edited=&#8221;on|tablet&#8221; global_colors_info=&#8221;{}&#8221; padding_tablet=&#8221;60px|10%|60px|10%&#8221; padding_last_edited=&#8221;on|tablet&#8221; custom_padding__hover=&#8221;|||&#8221; padding_phone=&#8221;60px|10%|60px|10%&#8221;][et_pb_text _builder_version=&#8221;4.24.3&#8243; text_font=&#8221;||||||||&#8221; header_font=&#8221;||||||||&#8221; header_3_font=&#8221;Karla|700||on|||||&#8221; header_3_text_color=&#8221;#c2ab92&#8243; header_3_font_size=&#8221;16px&#8221; header_3_letter_spacing=&#8221;1px&#8221; background_layout=&#8221;dark&#8221; max_width=&#8221;600px&#8221; module_alignment=&#8221;left&#8221; custom_margin=&#8221;||20px|&#8221; locked=&#8221;off&#8221; global_colors_info=&#8221;{}&#8221;]<\/p>\n<h3>CRESCIAMO ASSIEME<\/h3>\n<p>[\/et_pb_text][et_pb_text _builder_version=&#8221;4.24.3&#8243; text_font=&#8221;Karla||||||||&#8221; text_font_size=&#8221;18px&#8221; text_line_height=&#8221;1.8em&#8221; header_font=&#8221;Cormorant Garamond||||||||&#8221; header_font_size=&#8221;56px&#8221; header_line_height=&#8221;1.4em&#8221; header_2_font=&#8221;||||||||&#8221; header_3_font=&#8221;||||||||&#8221; max_width=&#8221;600px&#8221; header_font_size_tablet=&#8221;40px&#8221; header_font_size_phone=&#8221;&#8221; header_font_size_last_edited=&#8221;on|tablet&#8221; locked=&#8221;off&#8221; global_colors_info=&#8221;{}&#8221;]<\/p>\n<h1>LAGOM CONSULTING<\/h1>\n<p>Lavoriamo in sinergia con i nostri partner fornendo supporto e indicazioni precise.<\/p>\n<p>[\/et_pb_text][et_pb_button button_url=&#8221;#testimonials&#8221; button_text=&#8221;dicono di noi&#8221; _builder_version=&#8221;4.24.2&#8243; custom_button=&#8221;on&#8221; button_text_size=&#8221;13px&#8221; button_text_color=&#8221;#ffffff&#8221; button_bg_color=&#8221;#c2ab92&#8243; button_border_width=&#8221;2px&#8221; button_border_color=&#8221;#c2ab92&#8243; button_border_radius=&#8221;0px&#8221; button_letter_spacing=&#8221;2px&#8221; button_font=&#8221;Karla|700||on|||||&#8221; background_layout=&#8221;dark&#8221; custom_padding=&#8221;10px||10px|&#8221; button_letter_spacing_hover=&#8221;2px&#8221; locked=&#8221;off&#8221; global_colors_info=&#8221;{}&#8221; button_text_size__hover_enabled=&#8221;off&#8221; button_one_text_size__hover_enabled=&#8221;off&#8221; button_two_text_size__hover_enabled=&#8221;off&#8221; button_text_color__hover_enabled=&#8221;off&#8221; button_one_text_color__hover_enabled=&#8221;off&#8221; button_two_text_color__hover_enabled=&#8221;off&#8221; button_border_width__hover_enabled=&#8221;off&#8221; button_one_border_width__hover_enabled=&#8221;off&#8221; button_two_border_width__hover_enabled=&#8221;off&#8221; button_border_color__hover_enabled=&#8221;off&#8221; button_one_border_color__hover_enabled=&#8221;off&#8221; button_two_border_color__hover_enabled=&#8221;off&#8221; button_border_radius__hover_enabled=&#8221;off&#8221; button_one_border_radius__hover_enabled=&#8221;off&#8221; button_two_border_radius__hover_enabled=&#8221;off&#8221; button_letter_spacing__hover_enabled=&#8221;on&#8221; button_letter_spacing__hover=&#8221;2px&#8221; button_one_letter_spacing__hover_enabled=&#8221;off&#8221; button_two_letter_spacing__hover_enabled=&#8221;off&#8221; button_bg_color__hover_enabled=&#8221;off&#8221; button_one_bg_color__hover_enabled=&#8221;off&#8221; button_two_bg_color__hover_enabled=&#8221;off&#8221;][\/et_pb_button][\/et_pb_column][et_pb_column type=&#8221;1_2&#8243; _builder_version=&#8221;4.25.0&#8243; use_background_color_gradient=&#8221;on&#8221; background_color_gradient_stops=&#8221;rgba(18,18,18,0.5) 0%|#121212 100%&#8221; background_color_gradient_overlays_image=&#8221;on&#8221; background_color_gradient_start=&#8221;rgba(18,18,18,0.5)&#8221; background_color_gradient_end=&#8221;#121212&#8243; background_image=&#8221;https:\/\/lagomconsulting.it\/wp-content\/uploads\/2024\/04\/1-5521bcd1-acd9-411f-9692-41d7258557cd-512&#215;512.jpg&#8221; custom_padding=&#8221;100px||100px|&#8221; custom_padding_tablet=&#8221;60px||60px|&#8221; custom_padding_phone=&#8221;60px||60px|&#8221; custom_padding_last_edited=&#8221;on|desktop&#8221; global_colors_info=&#8221;{}&#8221; padding_tablet=&#8221;60px||60px|&#8221; padding_last_edited=&#8221;on|desktop&#8221; custom_padding__hover=&#8221;|||&#8221; padding_phone=&#8221;60px||60px|&#8221;][\/et_pb_column][\/et_pb_row][\/et_pb_section][et_pb_section fb_built=&#8221;1&#8243; admin_label=&#8221;Testimonial &#8221; module_id=&#8221;testimonials&#8221; _builder_version=&#8221;4.24.2&#8243; background_color=&#8221;#131313&#8243; custom_padding=&#8221;90px|0px|90px|0px&#8221; locked=&#8221;off&#8221; global_colors_info=&#8221;{}&#8221;][et_pb_row _builder_version=&#8221;4.16&#8243; custom_margin=&#8221;|||&#8221; custom_padding=&#8221;27px|0px|0|0px&#8221; border_color_all=&#8221;#1a1a1a&#8221; global_colors_info=&#8221;{}&#8221;][et_pb_column type=&#8221;4_4&#8243; _builder_version=&#8221;4.16&#8243; custom_padding=&#8221;|||&#8221; global_colors_info=&#8221;{}&#8221; custom_padding__hover=&#8221;|||&#8221;][et_pb_text _builder_version=&#8221;4.16&#8243; text_font=&#8221;||||||||&#8221; header_font=&#8221;||||||||&#8221; header_3_font=&#8221;Karla|700||on|||||&#8221; header_3_text_color=&#8221;rgba(255,255,255,0.6)&#8221; header_3_font_size=&#8221;16px&#8221; header_3_letter_spacing=&#8221;1px&#8221; background_layout=&#8221;dark&#8221; max_width=&#8221;600px&#8221; module_alignment=&#8221;left&#8221; custom_margin=&#8221;|||&#8221; locked=&#8221;off&#8221; global_colors_info=&#8221;{}&#8221;]<\/p>\n<h3>Testimonials<\/h3>\n<p>[\/et_pb_text][\/et_pb_column][\/et_pb_row][et_pb_row column_structure=&#8221;1_3,1_3,1_3&#8243; _builder_version=&#8221;4.16&#8243; custom_margin=&#8221;|||&#8221; custom_padding=&#8221;0|0px|27px|0px&#8221; border_color_all=&#8221;#1a1a1a&#8221; global_colors_info=&#8221;{}&#8221;][et_pb_column type=&#8221;1_3&#8243; _builder_version=&#8221;4.16&#8243; custom_padding=&#8221;|||&#8221; global_colors_info=&#8221;{}&#8221; custom_padding__hover=&#8221;|||&#8221;][et_pb_testimonial author=&#8221;Davide Da Rold&#8221; quote_icon=&#8221;off&#8221; _builder_version=&#8221;4.24.2&#8243; body_font=&#8221;Cormorant Garamond||on||||||&#8221; body_font_size=&#8221;24px&#8221; use_background_color=&#8221;off&#8221; background_layout=&#8221;dark&#8221; global_colors_info=&#8221;{}&#8221;]<\/p>\n<p><b>CHARLIE MAX MILANO<\/b><\/p>\n<p><i><span style=\"font-weight: 400;\">\u201cSiamo molto soddisfatti del lavoro che stiamo svolgendo con Riccardo ed Omar, persone professionalmente molto preparate che offrono sempre con puntualit\u00e0 e precisione supporto al cliente\u201d<\/span><\/i><\/p>\n<p>[\/et_pb_testimonial][\/et_pb_column][et_pb_column type=&#8221;1_3&#8243; _builder_version=&#8221;4.16&#8243; custom_padding=&#8221;|||&#8221; global_colors_info=&#8221;{}&#8221; custom_padding__hover=&#8221;|||&#8221;][et_pb_testimonial author=&#8221;Monica Nerci&#8221; quote_icon=&#8221;off&#8221; _builder_version=&#8221;4.24.2&#8243; body_font=&#8221;Cormorant Garamond||on||||||&#8221; body_font_size=&#8221;24px&#8221; use_background_color=&#8221;off&#8221; background_layout=&#8221;dark&#8221; locked=&#8221;off&#8221; global_colors_info=&#8221;{}&#8221;]<\/p>\n<p><b>FITOBUCANEVE<\/b><\/p>\n<p><i><span style=\"font-weight: 400;\">\u201cCompetenti, efficaci, rapidi e sempre disponibili, Riccardo e Omar rappresentano una vera risorsa alla risoluzione delle criticit\u00e0, oltre ad aver dimostrato di essere preziosi nella collaborazione alla creazione di nuove linee, nuovi prodotti. Il clima instaurato \u00e8 estremamente sereno, quasi famigliare e sempre rispettoso delle scadenze\u201d<\/span><\/i><\/p>\n<p>[\/et_pb_testimonial][\/et_pb_column][et_pb_column type=&#8221;1_3&#8243; _builder_version=&#8221;4.16&#8243; custom_padding=&#8221;|||&#8221; global_colors_info=&#8221;{}&#8221; custom_padding__hover=&#8221;|||&#8221;][et_pb_testimonial author=&#8221;Thomas Frischknecht&#8221; quote_icon=&#8221;off&#8221; _builder_version=&#8221;4.27.4&#8243; body_font=&#8221;Cormorant Garamond||on||||||&#8221; body_font_size=&#8221;24px&#8221; use_background_color=&#8221;off&#8221; background_layout=&#8221;dark&#8221; locked=&#8221;off&#8221; global_colors_info=&#8221;{}&#8221;]<\/p>\n<p><b>G\u00d6TTI<\/b><\/p>\n<p><span style=\"font-weight: 400;\"><i>\u201c<span>We are extremely satisfied with the support we receive from Omar and Ricardo. Their in-depth expertise in the eyewear industry allows them to address our specific needs and guide us through every stage of the project with competence. Their professional and solution-oriented approach makes them a valuable partner whom we would highly recommend<\/span><\/i><i>\u201d<\/i><\/span><\/p>\n<p>[\/et_pb_testimonial][\/et_pb_column][\/et_pb_row][et_pb_row column_structure=&#8221;1_3,1_3,1_3&#8243; _builder_version=&#8221;4.16&#8243; custom_margin=&#8221;|||&#8221; custom_padding=&#8221;0|0px|27px|0px&#8221; border_color_all=&#8221;#1a1a1a&#8221; global_colors_info=&#8221;{}&#8221;][et_pb_column type=&#8221;1_3&#8243; _builder_version=&#8221;4.16&#8243; custom_padding=&#8221;|||&#8221; global_colors_info=&#8221;{}&#8221; custom_padding__hover=&#8221;|||&#8221;][et_pb_testimonial author=&#8221;Oliviero Zanon&#8221; quote_icon=&#8221;off&#8221; _builder_version=&#8221;4.27.4&#8243; body_font=&#8221;Cormorant Garamond||on||||||&#8221; body_font_size=&#8221;24px&#8221; use_background_color=&#8221;off&#8221; background_layout=&#8221;dark&#8221; global_colors_info=&#8221;{}&#8221;]<\/p>\n<p><b>RES REI<\/b><\/p>\n<p><i><span style=\"font-weight: 400;\">\u201cAbbiamo avuto il piacere di lavorare con questo team di consulenti, che si \u00e8 dimostrato altamente competente, sempre aggiornato e molto disponibile. Ci hanno supportato in modo impeccabile nella predisposizione dei fascicoli tecnici e nella gestione della documentazione, offrendo un grande aiuto in tutte le fasi. Inoltre, sono sempre stati puntuali nelle risposte e pronti a risolvere qualsiasi dubbio. Consigliamo vivamente la loro professionalit\u00e0 e seriet\u00e0!\u201d<\/span><\/i><\/p>\n<p>[\/et_pb_testimonial][\/et_pb_column][et_pb_column type=&#8221;1_3&#8243; _builder_version=&#8221;4.16&#8243; custom_padding=&#8221;|||&#8221; global_colors_info=&#8221;{}&#8221; custom_padding__hover=&#8221;|||&#8221;][et_pb_testimonial author=&#8221;Marta Linar\u00e8s&#8221; quote_icon=&#8221;off&#8221; _builder_version=&#8221;4.27.4&#8243; body_font=&#8221;Cormorant Garamond||on||||||&#8221; body_font_size=&#8221;24px&#8221; use_background_color=&#8221;off&#8221; background_layout=&#8221;dark&#8221; locked=&#8221;off&#8221; global_colors_info=&#8221;{}&#8221;]<\/p>\n<p><b>FOLC EYWEAR<\/b><\/p>\n<p><i><span style=\"font-weight: 400;\">\u201c<span>The service received from Omar and Ricardo has been exemplary at all times. Their professional and efficient approach has exceeded our expectations, especially in such a specific field as ours. Not only have they demonstrated solid expertise in legal and regulatory requirements, but they have also adapted to our needs, providing highly effective solutions particular to our industry. Thanks to their consultancy in MDR and EUDAMED, we have been able to obtain the key requirements necessary to consolidate and expand our brand into new markets, allowing us to take a significant step forward in our development and global positioning. Their ability to anticipate challenges and offer agile responses has enabled us to move forward without setbacks in a complex and ever-changing process. Without a doubt, their experience, dedication, and proactivity have been essential for the consolidation of this project, and we are confident that they will continue to be strategic allies on our path to success.<\/span>\u201d<\/span><\/i><\/p>\n<p>[\/et_pb_testimonial][\/et_pb_column][et_pb_column type=&#8221;1_3&#8243; _builder_version=&#8221;4.16&#8243; custom_padding=&#8221;|||&#8221; global_colors_info=&#8221;{}&#8221; custom_padding__hover=&#8221;|||&#8221;][et_pb_testimonial author=&#8221;Giuseppe La Boria&#8221; quote_icon=&#8221;off&#8221; _builder_version=&#8221;4.27.4&#8243; body_font=&#8221;Cormorant Garamond||on||||||&#8221; body_font_size=&#8221;24px&#8221; use_background_color=&#8221;off&#8221; background_layout=&#8221;dark&#8221; locked=&#8221;off&#8221; global_colors_info=&#8221;{}&#8221;]<\/p>\n<p><b>DANSHARI<\/b><\/p>\n<p><span style=\"font-weight: 400;\"><i>\u201cDisponibilit\u00e0 continua da parte del team per chiarimenti ed aiuti. Veniamo tempestivamente aggiornati sulle nuove normative o su cambiamenti riguardo ad esse. Il servizio \u00e8 efficiente e chiaro, ed il team \u00e8 sempre gentilissimo. Assolutamente consigliato.<\/i><i>\u201d<\/i><\/span><\/p>\n<p>[\/et_pb_testimonial][\/et_pb_column][\/et_pb_row][et_pb_row column_structure=&#8221;1_3,1_3,1_3&#8243; _builder_version=&#8221;4.16&#8243; custom_margin=&#8221;|||&#8221; custom_padding=&#8221;0|0px|27px|0px&#8221; border_color_all=&#8221;#1a1a1a&#8221; global_colors_info=&#8221;{}&#8221;][et_pb_column type=&#8221;1_3&#8243; _builder_version=&#8221;4.16&#8243; custom_padding=&#8221;|||&#8221; global_colors_info=&#8221;{}&#8221; custom_padding__hover=&#8221;|||&#8221;][et_pb_testimonial author=&#8221;Andrea Fabbri&#8221; quote_icon=&#8221;off&#8221; _builder_version=&#8221;4.24.2&#8243; body_font=&#8221;Cormorant Garamond||on||||||&#8221; body_font_size=&#8221;24px&#8221; use_background_color=&#8221;off&#8221; background_layout=&#8221;dark&#8221; global_colors_info=&#8221;{}&#8221;]<\/p>\n<p><b>4PLANETS<\/b><\/p>\n<p><i><span style=\"font-weight: 400;\">\u201cRiccardo Piazza \u00e8 un esempio di assoluta professionalit\u00e0, competenza e capacit\u00e0 di analisi dei problemi aziendali. Sempre puntuale e disponibile , con la sua preparazione infonde fiducia e sicurezza su tematiche complesse.<span>\u201d<\/span><\/span><\/i><\/p>\n<p>[\/et_pb_testimonial][\/et_pb_column][et_pb_column type=&#8221;1_3&#8243; _builder_version=&#8221;4.16&#8243; custom_padding=&#8221;|||&#8221; global_colors_info=&#8221;{}&#8221; custom_padding__hover=&#8221;|||&#8221;][et_pb_testimonial author=&#8221;Alberto Lacagnina&#8221; quote_icon=&#8221;off&#8221; _builder_version=&#8221;4.27.4&#8243; body_font=&#8221;Cormorant Garamond||on||||||&#8221; body_font_size=&#8221;24px&#8221; use_background_color=&#8221;off&#8221; background_layout=&#8221;dark&#8221; locked=&#8221;off&#8221; global_colors_info=&#8221;{}&#8221;]<\/p>\n<p><b>BESTMAD<\/b><\/p>\n<p><i><span style=\"font-weight: 400;\">\u201cCi siamo affidati a Lagom Consulting perch\u00e8 da subito abbiamo percepito la grande professionalit\u00e0 della loro proposta. Abbiamo iniziato una collaborazione proficua, molto formativa ma soprattutto che ha portato un valore aggiunto tangibile alla nostra azienda. Grande flessibilit\u00e0 e disponibilit\u00e0 completano un pacchetto che definirei premium.\u201d<\/span><\/i><\/p>\n<p>[\/et_pb_testimonial][\/et_pb_column][et_pb_column type=&#8221;1_3&#8243; _builder_version=&#8221;4.16&#8243; custom_padding=&#8221;|||&#8221; global_colors_info=&#8221;{}&#8221; custom_padding__hover=&#8221;|||&#8221;][et_pb_testimonial author=&#8221;Joe&#8221; quote_icon=&#8221;off&#8221; _builder_version=&#8221;4.27.4&#8243; body_font=&#8221;Cormorant Garamond||on||||||&#8221; body_font_size=&#8221;24px&#8221; use_background_color=&#8221;off&#8221; background_layout=&#8221;dark&#8221; locked=&#8221;off&#8221; global_colors_info=&#8221;{}&#8221;]<\/p>\n<p><b>CUBITS<\/b><\/p>\n<p><span style=\"font-weight: 400;\"><i>\u201cWe brought Lagom Consulating on board to help us navigate international compliance for our Class 1 medical products. From the very start of the project Riccardo was on hand to guide us. The level of detail was thorough and gave us the peace of mind we needed in what can be a complex process. I would not hesitate to recommend their services<\/i><i>\u201d<\/i><\/span><\/p>\n<p>[\/et_pb_testimonial][\/et_pb_column][\/et_pb_row][\/et_pb_section]<\/p>\n","protected":false},"excerpt":{"rendered":"<p>CRESCIAMO ASSIEMELAGOM CONSULTING Lavoriamo in sinergia con i nostri partner fornendo supporto e indicazioni precise.Testimonials CHARLIE MAX MILANO \u201cSiamo molto soddisfatti del lavoro che stiamo svolgendo con Riccardo ed Omar, persone professionalmente molto preparate che offrono sempre con puntualit\u00e0 e precisione supporto al cliente\u201dFITOBUCANEVE \u201cCompetenti, efficaci, rapidi e sempre disponibili, Riccardo e Omar rappresentano una [&hellip;]<\/p>\n","protected":false},"author":2,"featured_media":0,"parent":0,"menu_order":0,"comment_status":"closed","ping_status":"closed","template":"","meta":{"nf_dc_page":"","_et_pb_use_builder":"on","_et_pb_old_content":"<!-- wp:divi\/placeholder \/-->","_et_gb_content_width":"","om_disable_all_campaigns":false,"_monsterinsights_skip_tracking":false,"_monsterinsights_sitenote_active":false,"_monsterinsights_sitenote_note":"","_monsterinsights_sitenote_category":0,"footnotes":""},"class_list":["post-14","page","type-page","status-publish","hentry"],"yoast_head":"<!-- This site is optimized with the Yoast SEO plugin v27.5 - https:\/\/yoast.com\/product\/yoast-seo-wordpress\/ -->\n<title>Dicono di noi - Lagom Consulting<\/title>\n<meta name=\"robots\" content=\"index, follow, max-snippet:-1, max-image-preview:large, max-video-preview:-1\" \/>\n<link rel=\"canonical\" href=\"https:\/\/lagomconsulting.it\/en\/feedback\/\" \/>\n<meta property=\"og:locale\" content=\"en_US\" \/>\n<meta property=\"og:type\" content=\"article\" \/>\n<meta property=\"og:title\" content=\"Dicono di noi - Lagom Consulting\" \/>\n<meta property=\"og:description\" content=\"CRESCIAMO ASSIEMELAGOM CONSULTING Lavoriamo in sinergia con i nostri partner fornendo supporto e indicazioni precise.Testimonials CHARLIE MAX MILANO \u201cSiamo molto soddisfatti del lavoro che stiamo svolgendo con Riccardo ed Omar, persone professionalmente molto preparate che offrono sempre con puntualit\u00e0 e precisione supporto al cliente\u201dFITOBUCANEVE \u201cCompetenti, efficaci, rapidi e sempre disponibili, Riccardo e Omar rappresentano una [&hellip;]\" \/>\n<meta property=\"og:url\" content=\"https:\/\/lagomconsulting.it\/en\/feedback\/\" \/>\n<meta property=\"og:site_name\" content=\"Lagom Consulting\" \/>\n<meta property=\"article:modified_time\" content=\"2025-03-10T19:05:05+00:00\" \/>\n<meta name=\"twitter:card\" content=\"summary_large_image\" \/>\n<script type=\"application\/ld+json\" class=\"yoast-schema-graph\">{\"@context\":\"https:\\\/\\\/schema.org\",\"@graph\":[{\"@type\":\"WebPage\",\"@id\":\"https:\\\/\\\/lagomconsulting.it\\\/feedback\\\/\",\"url\":\"https:\\\/\\\/lagomconsulting.it\\\/feedback\\\/\",\"name\":\"Dicono di noi - Lagom Consulting\",\"isPartOf\":{\"@id\":\"http:\\\/\\\/uqk.nmy.mybluehost.me\\\/#website\"},\"datePublished\":\"2024-03-26T18:14:15+00:00\",\"dateModified\":\"2025-03-10T19:05:05+00:00\",\"breadcrumb\":{\"@id\":\"https:\\\/\\\/lagomconsulting.it\\\/feedback\\\/#breadcrumb\"},\"inLanguage\":\"en-US\",\"potentialAction\":[{\"@type\":\"ReadAction\",\"target\":[\"https:\\\/\\\/lagomconsulting.it\\\/feedback\\\/\"]}]},{\"@type\":\"BreadcrumbList\",\"@id\":\"https:\\\/\\\/lagomconsulting.it\\\/feedback\\\/#breadcrumb\",\"itemListElement\":[{\"@type\":\"ListItem\",\"position\":1,\"name\":\"Home\",\"item\":\"https:\\\/\\\/lagomconsulting.it\\\/\"},{\"@type\":\"ListItem\",\"position\":2,\"name\":\"Dicono di noi\"}]},{\"@type\":\"WebSite\",\"@id\":\"http:\\\/\\\/uqk.nmy.mybluehost.me\\\/#website\",\"url\":\"http:\\\/\\\/uqk.nmy.mybluehost.me\\\/\",\"name\":\"Lagom Consulting\",\"description\":\"\",\"potentialAction\":[{\"@type\":\"SearchAction\",\"target\":{\"@type\":\"EntryPoint\",\"urlTemplate\":\"http:\\\/\\\/uqk.nmy.mybluehost.me\\\/?s={search_term_string}\"},\"query-input\":{\"@type\":\"PropertyValueSpecification\",\"valueRequired\":true,\"valueName\":\"search_term_string\"}}],\"inLanguage\":\"en-US\"}]}<\/script>\n<!-- \/ Yoast SEO plugin. -->","yoast_head_json":{"title":"Testimonials - Lagom Consulting","robots":{"index":"index","follow":"follow","max-snippet":"max-snippet:-1","max-image-preview":"max-image-preview:large","max-video-preview":"max-video-preview:-1"},"canonical":"https:\/\/lagomconsulting.it\/en\/feedback\/","og_locale":"en_US","og_type":"article","og_title":"Dicono di noi - Lagom Consulting","og_description":"CRESCIAMO ASSIEMELAGOM CONSULTING Lavoriamo in sinergia con i nostri partner fornendo supporto e indicazioni precise.Testimonials CHARLIE MAX MILANO \u201cSiamo molto soddisfatti del lavoro che stiamo svolgendo con Riccardo ed Omar, persone professionalmente molto preparate che offrono sempre con puntualit\u00e0 e precisione supporto al cliente\u201dFITOBUCANEVE \u201cCompetenti, efficaci, rapidi e sempre disponibili, Riccardo e Omar rappresentano una [&hellip;]","og_url":"https:\/\/lagomconsulting.it\/en\/feedback\/","og_site_name":"Lagom Consulting","article_modified_time":"2025-03-10T19:05:05+00:00","twitter_card":"summary_large_image","schema":{"@context":"https:\/\/schema.org","@graph":[{"@type":"WebPage","@id":"https:\/\/lagomconsulting.it\/feedback\/","url":"https:\/\/lagomconsulting.it\/feedback\/","name":"Testimonials - Lagom Consulting","isPartOf":{"@id":"http:\/\/uqk.nmy.mybluehost.me\/#website"},"datePublished":"2024-03-26T18:14:15+00:00","dateModified":"2025-03-10T19:05:05+00:00","breadcrumb":{"@id":"https:\/\/lagomconsulting.it\/feedback\/#breadcrumb"},"inLanguage":"en-US","potentialAction":[{"@type":"ReadAction","target":["https:\/\/lagomconsulting.it\/feedback\/"]}]},{"@type":"BreadcrumbList","@id":"https:\/\/lagomconsulting.it\/feedback\/#breadcrumb","itemListElement":[{"@type":"ListItem","position":1,"name":"Home","item":"https:\/\/lagomconsulting.it\/"},{"@type":"ListItem","position":2,"name":"Dicono di noi"}]},{"@type":"WebSite","@id":"http:\/\/uqk.nmy.mybluehost.me\/#website","url":"http:\/\/uqk.nmy.mybluehost.me\/","name":"Lagom Consulting","description":"","potentialAction":[{"@type":"SearchAction","target":{"@type":"EntryPoint","urlTemplate":"http:\/\/uqk.nmy.mybluehost.me\/?s={search_term_string}"},"query-input":{"@type":"PropertyValueSpecification","valueRequired":true,"valueName":"search_term_string"}}],"inLanguage":"en-US"}]}},"jetpack_sharing_enabled":true,"_links":{"self":[{"href":"https:\/\/lagomconsulting.it\/en\/wp-json\/wp\/v2\/pages\/14","targetHints":{"allow":["GET"]}}],"collection":[{"href":"https:\/\/lagomconsulting.it\/en\/wp-json\/wp\/v2\/pages"}],"about":[{"href":"https:\/\/lagomconsulting.it\/en\/wp-json\/wp\/v2\/types\/page"}],"author":[{"embeddable":true,"href":"https:\/\/lagomconsulting.it\/en\/wp-json\/wp\/v2\/users\/2"}],"replies":[{"embeddable":true,"href":"https:\/\/lagomconsulting.it\/en\/wp-json\/wp\/v2\/comments?post=14"}],"version-history":[{"count":11,"href":"https:\/\/lagomconsulting.it\/en\/wp-json\/wp\/v2\/pages\/14\/revisions"}],"predecessor-version":[{"id":209,"href":"https:\/\/lagomconsulting.it\/en\/wp-json\/wp\/v2\/pages\/14\/revisions\/209"}],"wp:attachment":[{"href":"https:\/\/lagomconsulting.it\/en\/wp-json\/wp\/v2\/media?parent=14"}],"curies":[{"name":"wp","href":"https:\/\/api.w.org\/{rel}","templated":true}]}}